{"id":10,"date":"2024-12-25T21:52:53","date_gmt":"2024-12-25T21:52:53","guid":{"rendered":"https:\/\/soulsistersera.com\/?page_id=10"},"modified":"2025-12-31T18:09:54","modified_gmt":"2025-12-31T18:09:54","slug":"acceuil","status":"publish","type":"page","link":"https:\/\/soulsistersera.com\/","title":{"rendered":"Acceuil"},"content":{"rendered":"\t\t<div data-elementor-type=\"wp-post\" data-elementor-id=\"10\" class=\"elementor elementor-10\" data-elementor-post-type=\"page\">\n\t\t\t\t<div class=\"elementor-element elementor-element-d12bc0f e-flex e-con-boxed e-con e-parent\" data-id=\"d12bc0f\" data-element_type=\"container\">\n\t\t\t\t\t<div class=\"e-con-inner\">\n\t\t\t\t<div class=\"elementor-element elementor-element-891f436 elementor--h-position-center elementor--v-position-middle elementor-pagination-position-inside elementor-widget elementor-widget-slides\" data-id=\"891f436\" data-element_type=\"widget\" data-settings=\"{&quot;navigation&quot;:&quot;dots&quot;,&quot;autoplay&quot;:&quot;yes&quot;,&quot;pause_on_hover&quot;:&quot;yes&quot;,&quot;pause_on_interaction&quot;:&quot;yes&quot;,&quot;autoplay_speed&quot;:5000,&quot;infinite&quot;:&quot;yes&quot;,&quot;transition&quot;:&quot;slide&quot;,&quot;transition_speed&quot;:500}\" data-widget_type=\"slides.default\">\n\t\t\t\t<div class=\"elementor-widget-container\">\n\t\t\t\t\t\t\t\t\t<div class=\"elementor-swiper\">\n\t\t\t\t\t<div class=\"elementor-slides-wrapper elementor-main-swiper swiper\" role=\"region\" aria-roledescription=\"carousel\" aria-label=\"Diapositives\" dir=\"ltr\" data-animation=\"fadeInUp\">\n\t\t\t\t<div class=\"swiper-wrapper elementor-slides\">\n\t\t\t\t\t\t\t\t\t\t<div class=\"elementor-repeater-item-657e556 swiper-slide\" role=\"group\" aria-roledescription=\"slide\"><div class=\"swiper-slide-bg elementor-ken-burns elementor-ken-burns--in\" role=\"img\"><\/div><a class=\"swiper-slide-inner\" href=\"https:\/\/soulsistersera.com\/?product=journee-bien-etre\"><div class=\"swiper-slide-contents\"><div class=\"elementor-slide-heading\">Retraite \u00e0 Bali<\/div><div class=\"elementor-slide-description\">Une immersion sur l'\u00eeles des dieux<\/div><div  class=\"elementor-button elementor-slide-button elementor-size-sm\">En savoir plus<\/div><\/div><\/a><\/div><div class=\"elementor-repeater-item-a6eeebb swiper-slide\" role=\"group\" aria-roledescription=\"slide\"><div class=\"swiper-slide-bg elementor-ken-burns elementor-ken-burns--in\" role=\"img\"><\/div><div class=\"swiper-slide-inner\" ><div class=\"swiper-slide-contents\"><div class=\"elementor-slide-heading\">Retraite Marrakech<\/div><div  class=\"elementor-button elementor-slide-button elementor-size-sm\">En savoir plus<\/div><\/div><\/div><\/div>\t\t\t\t<\/div>\n\t\t\t\t\t\t\t\t\t\t\t\t\t\t\t<div class=\"swiper-pagination\"><\/div>\n\t\t\t\t\t\t\t\t\t\t\t\t\t\t\t\t\t<\/div>\n\t\t\t\t<\/div>\n\t\t\t\t\t\t\t\t<\/div>\n\t\t\t\t<\/div>\n\t\t\t\t\t<\/div>\n\t\t\t\t<\/div>\n\t\t<div class=\"elementor-element elementor-element-3352895 e-con-full e-flex e-con e-parent\" data-id=\"3352895\" data-element_type=\"container\">\n\t\t\t\t<div class=\"elementor-element elementor-element-4164892 elementor-widget__width-inherit elementor-widget-tablet__width-inherit elementor-widget elementor-widget-heading\" data-id=\"4164892\" data-element_type=\"widget\" data-widget_type=\"heading.default\">\n\t\t\t\t<div class=\"elementor-widget-container\">\n\t\t\t\t\t<h2 class=\"elementor-heading-title elementor-size-default\">Bienvenue dans l'univers des SoulSistersera <\/h2>\t\t\t\t<\/div>\n\t\t\t\t<\/div>\n\t\t\t\t<div class=\"elementor-element elementor-element-76a01ae elementor-widget__width-inherit elementor-widget-tablet__width-inherit elementor-invisible elementor-widget elementor-widget-text-editor\" data-id=\"76a01ae\" data-element_type=\"widget\" data-settings=\"{&quot;_animation&quot;:&quot;fadeInUp&quot;}\" data-widget_type=\"text-editor.default\">\n\t\t\t\t<div class=\"elementor-widget-container\">\n\t\t\t\t\t\t\t\t\t<p>Chez <strong>Soul Sisters<\/strong>, notre mission est de soutenir et d&rsquo;inspirer les <strong>femmes<\/strong> \u00e0 s&rsquo;\u00e9panouir sur tous les plans de leur vie. Nous avons cr\u00e9\u00e9 un espace unique o\u00f9 les <strong>femmes<\/strong>, de tous les horizons peuvent <strong>se<\/strong> <strong>retrouver<\/strong>, se ressourcer et se r\u00e9v\u00e9ler !<\/p>\t\t\t\t\t\t\t\t<\/div>\n\t\t\t\t<\/div>\n\t\t\t\t<div class=\"elementor-element elementor-element-259285e elementor-widget__width-inherit elementor-widget-tablet__width-inherit elementor-invisible elementor-widget elementor-widget-text-editor\" data-id=\"259285e\" data-element_type=\"widget\" data-settings=\"{&quot;_animation&quot;:&quot;fadeInUp&quot;}\" data-widget_type=\"text-editor.default\">\n\t\t\t\t<div class=\"elementor-widget-container\">\n\t\t\t\t\t\t\t\t\t<h3>\u00a0Notre Vision<\/h3><p>Redonner aux femmes le pouvoir d&rsquo;\u00eatre elles-m\u00eames<\/p>\t\t\t\t\t\t\t\t<\/div>\n\t\t\t\t<\/div>\n\t\t\t\t<div class=\"elementor-element elementor-element-7e7acdb elementor-widget__width-inherit elementor-widget-tablet__width-inherit elementor-invisible elementor-widget elementor-widget-text-editor\" data-id=\"7e7acdb\" data-element_type=\"widget\" data-settings=\"{&quot;_animation&quot;:&quot;fadeInUp&quot;}\" data-widget_type=\"text-editor.default\">\n\t\t\t\t<div class=\"elementor-widget-container\">\n\t\t\t\t\t\t\t\t\t<center><\/center><h3>Notre Mission<\/h3><p>Inspirer, connecter transformer les femmes \u00e0 travers des exp\u00e9riences uniques<\/p>\t\t\t\t\t\t\t\t<\/div>\n\t\t\t\t<\/div>\n\t\t\t\t<div class=\"elementor-element elementor-element-63a2ec7 elementor-widget__width-inherit elementor-widget-tablet__width-inherit elementor-invisible elementor-widget elementor-widget-text-editor\" data-id=\"63a2ec7\" data-element_type=\"widget\" data-settings=\"{&quot;_animation&quot;:&quot;fadeInUp&quot;}\" data-widget_type=\"text-editor.default\">\n\t\t\t\t<div class=\"elementor-widget-container\">\n\t\t\t\t\t\t\t\t\t<h3>\u00a0Notre Process<\/h3><p>Allier c\u0153ur, esprit et action pour cr\u00e9er des moments qui marquent \u00e0 vie<\/p>\t\t\t\t\t\t\t\t<\/div>\n\t\t\t\t<\/div>\n\t\t\t\t<\/div>\n\t\t<div class=\"elementor-element elementor-element-02125b8 e-flex e-con-boxed e-con e-parent\" data-id=\"02125b8\" data-element_type=\"container\">\n\t\t\t\t\t<div class=\"e-con-inner\">\n\t\t\t\t<div class=\"elementor-element elementor-element-e25a862 elementor-widget-divider--view-line elementor-widget elementor-widget-divider\" data-id=\"e25a862\" data-element_type=\"widget\" data-widget_type=\"divider.default\">\n\t\t\t\t<div class=\"elementor-widget-container\">\n\t\t\t\t\t\t\t<div class=\"elementor-divider\">\n\t\t\t<span class=\"elementor-divider-separator\">\n\t\t\t\t\t\t<\/span>\n\t\t<\/div>\n\t\t\t\t\t\t<\/div>\n\t\t\t\t<\/div>\n\t\t\t\t\t<\/div>\n\t\t\t\t<\/div>\n\t\t<div class=\"elementor-element elementor-element-194688ee e-con-full e-flex e-con e-parent\" data-id=\"194688ee\" data-element_type=\"container\">\n\t\t\t\t<div class=\"elementor-element elementor-element-4cc59fcc elementor-widget__width-inherit elementor-widget-tablet__width-inherit elementor-widget elementor-widget-heading\" data-id=\"4cc59fcc\" data-element_type=\"widget\" data-widget_type=\"heading.default\">\n\t\t\t\t<div class=\"elementor-widget-container\">\n\t\t\t\t\t<h2 class=\"elementor-heading-title elementor-size-default\">Rejoindre l'univers de Soul Sisters Era<\/h2>\t\t\t\t<\/div>\n\t\t\t\t<\/div>\n\t\t\t\t<div class=\"elementor-element elementor-element-a020a21 elementor-grid-mobile-1 elementor-grid-2 elementor-grid-tablet-3 elementor-products-grid elementor-wc-products elementor-show-pagination-border-yes elementor-widget elementor-widget-woocommerce-products\" data-id=\"a020a21\" data-element_type=\"widget\" data-widget_type=\"woocommerce-products.default\">\n\t\t\t\t<div class=\"elementor-widget-container\">\n\t\t\t\t\t<div class=\"woocommerce columns-2 \"><div class=\"woocommerce-notices-wrapper\"><\/div><ul class=\"products elementor-grid columns-2\">\n<li class=\"product type-product post-200 status-publish first instock product_cat-events has-post-thumbnail virtual product-type-simple\">\n\t<a href=\"https:\/\/soulsistersera.com\/?product=journee-bien-etre\" class=\"woocommerce-LoopProduct-link woocommerce-loop-product__link\"><img fetchpriority=\"high\" decoding=\"async\" width=\"300\" height=\"300\" src=\"https:\/\/soulsistersera.com\/wp-content\/uploads\/2025\/01\/IMG_8031-300x300.jpg\" class=\"attachment-woocommerce_thumbnail size-woocommerce_thumbnail\" alt=\"Retreat Marrakech S\u00e9jour entre femmes\" srcset=\"https:\/\/soulsistersera.com\/wp-content\/uploads\/2025\/01\/IMG_8031-300x300.jpg 300w, https:\/\/soulsistersera.com\/wp-content\/uploads\/2025\/01\/IMG_8031-150x150.jpg 150w, https:\/\/soulsistersera.com\/wp-content\/uploads\/2025\/01\/IMG_8031-100x100.jpg 100w\" sizes=\"(max-width: 300px) 100vw, 300px\" \/><h2 class=\"woocommerce-loop-product__title\">RETREAT MARRAKECH<\/h2>\n<\/a><a href=\"https:\/\/soulsistersera.com\/?product=journee-bien-etre\" aria-describedby=\"woocommerce_loop_add_to_cart_link_describedby_200\" data-quantity=\"1\" class=\"button product_type_simple\" data-product_id=\"200\" data-product_sku=\"\" aria-label=\"En savoir plus sur &ldquo;RETREAT MARRAKECH&rdquo;\" rel=\"nofollow\" data-success_message=\"\" data-product_name=\"RETREAT MARRAKECH\" data-price=\"\">Lire la suite<\/a>\t<span id=\"woocommerce_loop_add_to_cart_link_describedby_200\" class=\"screen-reader-text\">\n\t\t\t<\/span>\n<\/li>\n<li class=\"product type-product post-189 status-publish last instock product_cat-events has-post-thumbnail virtual product-type-simple\">\n\t<a href=\"https:\/\/soulsistersera.com\/?product=skin-party\" class=\"woocommerce-LoopProduct-link woocommerce-loop-product__link\"><img decoding=\"async\" width=\"300\" height=\"300\" src=\"https:\/\/soulsistersera.com\/wp-content\/uploads\/2025\/01\/3-300x300.png\" class=\"attachment-woocommerce_thumbnail size-woocommerce_thumbnail\" alt=\"\" srcset=\"https:\/\/soulsistersera.com\/wp-content\/uploads\/2025\/01\/3-300x300.png 300w, https:\/\/soulsistersera.com\/wp-content\/uploads\/2025\/01\/3-1024x1024.png 1024w, https:\/\/soulsistersera.com\/wp-content\/uploads\/2025\/01\/3-150x150.png 150w, https:\/\/soulsistersera.com\/wp-content\/uploads\/2025\/01\/3-768x768.png 768w, https:\/\/soulsistersera.com\/wp-content\/uploads\/2025\/01\/3-600x600.png 600w, https:\/\/soulsistersera.com\/wp-content\/uploads\/2025\/01\/3-100x100.png 100w, https:\/\/soulsistersera.com\/wp-content\/uploads\/2025\/01\/3.png 1080w\" sizes=\"(max-width: 300px) 100vw, 300px\" \/><h2 class=\"woocommerce-loop-product__title\">Skin Party<\/h2>\n<\/a><a href=\"https:\/\/soulsistersera.com\/?product=skin-party\" aria-describedby=\"woocommerce_loop_add_to_cart_link_describedby_189\" data-quantity=\"1\" class=\"button product_type_simple\" data-product_id=\"189\" data-product_sku=\"\" aria-label=\"En savoir plus sur &ldquo;Skin Party&rdquo;\" rel=\"nofollow\" data-success_message=\"\" data-product_name=\"Skin Party\" data-price=\"\">Lire la suite<\/a>\t<span id=\"woocommerce_loop_add_to_cart_link_describedby_189\" class=\"screen-reader-text\">\n\t\t\t<\/span>\n<\/li>\n<li class=\"product type-product post-185 status-publish first instock product_cat-events has-post-thumbnail virtual product-type-simple\">\n\t<a href=\"https:\/\/soulsistersera.com\/?product=le-samedi-des-soulsisters\" class=\"woocommerce-LoopProduct-link woocommerce-loop-product__link\"><img decoding=\"async\" width=\"300\" height=\"300\" src=\"https:\/\/soulsistersera.com\/wp-content\/uploads\/2025\/01\/30-mai-au-2-juin-7-300x300.png\" class=\"attachment-woocommerce_thumbnail size-woocommerce_thumbnail\" alt=\"\" srcset=\"https:\/\/soulsistersera.com\/wp-content\/uploads\/2025\/01\/30-mai-au-2-juin-7-300x300.png 300w, https:\/\/soulsistersera.com\/wp-content\/uploads\/2025\/01\/30-mai-au-2-juin-7-1024x1024.png 1024w, https:\/\/soulsistersera.com\/wp-content\/uploads\/2025\/01\/30-mai-au-2-juin-7-150x150.png 150w, https:\/\/soulsistersera.com\/wp-content\/uploads\/2025\/01\/30-mai-au-2-juin-7-768x768.png 768w, https:\/\/soulsistersera.com\/wp-content\/uploads\/2025\/01\/30-mai-au-2-juin-7-600x600.png 600w, https:\/\/soulsistersera.com\/wp-content\/uploads\/2025\/01\/30-mai-au-2-juin-7-100x100.png 100w, https:\/\/soulsistersera.com\/wp-content\/uploads\/2025\/01\/30-mai-au-2-juin-7.png 1080w\" sizes=\"(max-width: 300px) 100vw, 300px\" \/><h2 class=\"woocommerce-loop-product__title\">Le samedi des SoulSisters<\/h2>\n<\/a><a href=\"https:\/\/soulsistersera.com\/?product=le-samedi-des-soulsisters\" aria-describedby=\"woocommerce_loop_add_to_cart_link_describedby_185\" data-quantity=\"1\" class=\"button product_type_simple\" data-product_id=\"185\" data-product_sku=\"\" aria-label=\"En savoir plus sur &ldquo;Le samedi des SoulSisters&rdquo;\" rel=\"nofollow\" data-success_message=\"\" data-product_name=\"Le samedi des SoulSisters\" data-price=\"\">Lire la suite<\/a>\t<span id=\"woocommerce_loop_add_to_cart_link_describedby_185\" class=\"screen-reader-text\">\n\t\t\t<\/span>\n<\/li>\n<li class=\"product type-product post-147 status-publish last outofstock product_cat-retreat has-post-thumbnail shipping-taxable product-type-variable\">\n\t<a href=\"https:\/\/soulsistersera.com\/?product=produit-1\" class=\"woocommerce-LoopProduct-link woocommerce-loop-product__link\"><img loading=\"lazy\" decoding=\"async\" width=\"300\" height=\"300\" src=\"https:\/\/soulsistersera.com\/wp-content\/uploads\/2025\/01\/1-300x300.png\" class=\"attachment-woocommerce_thumbnail size-woocommerce_thumbnail\" alt=\"\" srcset=\"https:\/\/soulsistersera.com\/wp-content\/uploads\/2025\/01\/1-300x300.png 300w, https:\/\/soulsistersera.com\/wp-content\/uploads\/2025\/01\/1-1024x1024.png 1024w, https:\/\/soulsistersera.com\/wp-content\/uploads\/2025\/01\/1-150x150.png 150w, https:\/\/soulsistersera.com\/wp-content\/uploads\/2025\/01\/1-768x768.png 768w, https:\/\/soulsistersera.com\/wp-content\/uploads\/2025\/01\/1-600x600.png 600w, https:\/\/soulsistersera.com\/wp-content\/uploads\/2025\/01\/1-100x100.png 100w, https:\/\/soulsistersera.com\/wp-content\/uploads\/2025\/01\/1.png 1080w\" sizes=\"(max-width: 300px) 100vw, 300px\" \/><h2 class=\"woocommerce-loop-product__title\">Retreat Marrakech<\/h2>\n<\/a><a href=\"https:\/\/soulsistersera.com\/?product=produit-1\" aria-describedby=\"woocommerce_loop_add_to_cart_link_describedby_147\" data-quantity=\"1\" class=\"button product_type_variable\" data-product_id=\"147\" data-product_sku=\"\" aria-label=\"S\u00e9lectionner les options pour &ldquo;Retreat Marrakech&rdquo;\" rel=\"nofollow\" data-product_name=\"Retreat Marrakech\" data-price=\"\">Lire la suite<\/a>\t<span id=\"woocommerce_loop_add_to_cart_link_describedby_147\" class=\"screen-reader-text\">\n\t\t\t<\/span>\n<\/li>\n<\/ul>\n<\/div>\t\t\t\t<\/div>\n\t\t\t\t<\/div>\n\t\t\t\t<\/div>\n\t\t\t\t<\/div>\n\t\t","protected":false},"excerpt":{"rendered":"<p>Retraite \u00e0 BaliUne immersion sur l&rsquo;\u00eeles des dieuxEn savoir plusRetraite MarrakechEn savoir plus Bienvenue dans l&rsquo;univers des SoulSistersera Chez Soul Sisters, notre mission est de soutenir et d&rsquo;inspirer les femmes \u00e0 s&rsquo;\u00e9panouir sur tous les plans de leur vie. Nous avons cr\u00e9\u00e9 un espace unique o\u00f9 les femmes, de tous les horizons peuvent se retrouver, [&hellip;]<\/p>\n","protected":false},"author":1,"featured_media":0,"parent":0,"menu_order":0,"comment_status":"closed","ping_status":"closed","template":"","meta":{"footnotes":""},"class_list":["post-10","page","type-page","status-publish","hentry"],"jetpack_sharing_enabled":true,"_links":{"self":[{"href":"https:\/\/soulsistersera.com\/index.php?rest_route=\/wp\/v2\/pages\/10","targetHints":{"allow":["GET"]}}],"collection":[{"href":"https:\/\/soulsistersera.com\/index.php?rest_route=\/wp\/v2\/pages"}],"about":[{"href":"https:\/\/soulsistersera.com\/index.php?rest_route=\/wp\/v2\/types\/page"}],"author":[{"embeddable":true,"href":"https:\/\/soulsistersera.com\/index.php?rest_route=\/wp\/v2\/users\/1"}],"replies":[{"embeddable":true,"href":"https:\/\/soulsistersera.com\/index.php?rest_route=%2Fwp%2Fv2%2Fcomments&post=10"}],"version-history":[{"count":92,"href":"https:\/\/soulsistersera.com\/index.php?rest_route=\/wp\/v2\/pages\/10\/revisions"}],"predecessor-version":[{"id":340,"href":"https:\/\/soulsistersera.com\/index.php?rest_route=\/wp\/v2\/pages\/10\/revisions\/340"}],"wp:attachment":[{"href":"https:\/\/soulsistersera.com\/index.php?rest_route=%2Fwp%2Fv2%2Fmedia&parent=10"}],"curies":[{"name":"wp","href":"https:\/\/api.w.org\/{rel}","templated":true}]}}