{"id":147,"date":"2025-01-02T15:00:04","date_gmt":"2025-01-02T15:00:04","guid":{"rendered":"https:\/\/soulsistersera.com\/?post_type=product&#038;p=147"},"modified":"2025-07-18T13:41:31","modified_gmt":"2025-07-18T13:41:31","slug":"produit-1","status":"publish","type":"product","link":"https:\/\/soulsistersera.com\/?product=produit-1","title":{"rendered":"Retreat Marrakech"},"content":{"rendered":"<p>Retraite \u00e0 Marrakech<\/p>\n","protected":false},"excerpt":{"rendered":"<div class=\"flex-shrink-0 flex flex-col relative items-end\">\n<div>\n<div class=\"pt-0\">\n<div class=\"gizmo-bot-avatar flex h-8 w-8 items-center justify-center overflow-hidden rounded-full\">\n<div class=\"relative p-1 rounded-sm flex items-center justify-center bg-token-main-surface-primary text-token-text-primary h-8 w-8\">Envie de prendre un moment rien que pour vous ? Rejoignez-nous pour une retraite entre femmes dans le cadre enchanteur de Marrakech. Pendant ces 4 jours, nous vous invitons \u00e0 une exp\u00e9rience unique alliant bien-\u00eatre, sport et inspiration.<\/div>\n<\/div>\n<\/div>\n<\/div>\n<\/div>\n<div class=\"group\/conversation-turn relative flex w-full min-w-0 flex-col agent-turn\">\n<div class=\"flex-col gap-1 md:gap-3\">\n<div class=\"flex max-w-full flex-col flex-grow\">\n<div class=\"min-h-8 text-message flex w-full flex-col items-end gap-2 whitespace-normal break-words text-start [.text-message+&amp;]:mt-5\" dir=\"auto\" data-message-author-role=\"assistant\" data-message-id=\"54f4d96c-6ea5-43cf-9bc6-2c5ca524b152\" data-message-model-slug=\"gpt-4o\">\n<div class=\"flex w-full flex-col gap-1 empty:hidden first:pt-[3px]\">\n<div class=\"markdown prose w-full break-words dark:prose-invert light\">\n<p><strong>Au programme :<\/strong><br \/>\n\u2728 S\u00e9ances de yoga et Pilates pour vous reconnecter \u00e0 votre corps<br \/>\n\u2728 Ateliers sportifs pour booster votre \u00e9nergie<br \/>\n\u2728 Alimentation saine pour nourrir votre vitalit\u00e9<br \/>\n\u2728 Masterclass d&rsquo;entrepreneuriat pour r\u00e9v\u00e9ler votre potentiel<br \/>\n\u2728 Moments de beaut\u00e9 et de soin avec notre Skin Party<br \/>\n\u2728 Cercles de femmes pour partager et cr\u00e9er du lien<br \/>\n\u2728 Et bien d&rsquo;autres surprises pour transformer votre quotidien<\/p>\n<p>Cette retraite est une opportunit\u00e9 de vous recentrer, de vous aligner avec vos aspirations profondes et de vous offrir une parenth\u00e8se transformatrice entour\u00e9e d&rsquo;une communaut\u00e9 bienveillante et inspirante \ud83c\udf38<\/p>\n<\/div>\n<\/div>\n<\/div>\n<\/div>\n<\/div>\n<\/div>\n","protected":false},"featured_media":199,"template":"","meta":[],"product_cat":[23],"product_tag":[],"class_list":{"0":"post-147","1":"product","2":"type-product","3":"status-publish","4":"has-post-thumbnail","6":"product_cat-retreat","8":"first","9":"outofstock","10":"shipping-taxable","11":"product-type-variable"},"jetpack_sharing_enabled":true,"_links":{"self":[{"href":"https:\/\/soulsistersera.com\/index.php?rest_route=\/wp\/v2\/product\/147","targetHints":{"allow":["GET"]}}],"collection":[{"href":"https:\/\/soulsistersera.com\/index.php?rest_route=\/wp\/v2\/product"}],"about":[{"href":"https:\/\/soulsistersera.com\/index.php?rest_route=\/wp\/v2\/types\/product"}],"wp:featuredmedia":[{"embeddable":true,"href":"https:\/\/soulsistersera.com\/index.php?rest_route=\/wp\/v2\/media\/199"}],"wp:attachment":[{"href":"https:\/\/soulsistersera.com\/index.php?rest_route=%2Fwp%2Fv2%2Fmedia&parent=147"}],"wp:term":[{"taxonomy":"product_cat","embeddable":true,"href":"https:\/\/soulsistersera.com\/index.php?rest_route=%2Fwp%2Fv2%2Fproduct_cat&post=147"},{"taxonomy":"product_tag","embeddable":true,"href":"https:\/\/soulsistersera.com\/index.php?rest_route=%2Fwp%2Fv2%2Fproduct_tag&post=147"}],"curies":[{"name":"wp","href":"https:\/\/api.w.org\/{rel}","templated":true}]}}