{"id":185,"date":"2025-01-05T16:41:29","date_gmt":"2025-01-05T16:41:29","guid":{"rendered":"https:\/\/soulsistersera.com\/?post_type=product&#038;p=185"},"modified":"2025-01-06T14:24:16","modified_gmt":"2025-01-06T14:24:16","slug":"le-samedi-des-soulsisters","status":"publish","type":"product","link":"https:\/\/soulsistersera.com\/?product=le-samedi-des-soulsisters","title":{"rendered":"Le samedi des SoulSisters"},"content":{"rendered":"<p>Samedi 11 janvier<\/p>\n","protected":false},"excerpt":{"rendered":"<p>Une fois par mois, rejoignez notre <strong>Samedi des SoulSisters<\/strong> , une journ\u00e9e d\u00e9di\u00e9e aux femmes entrepreneuses et cr\u00e9atives. C&rsquo;est l&rsquo;occasion parfaite pour \u00e9changer, se connecter, et booster vos projets dans une ambiance chaleureuse et motivante.<\/p>\n<p>Au programme :<br \/>\n\ud83e\udd1d Rencontres entre entrepreneurs pour \u00e9largir votre r\u00e9seau<br \/>\n\ud83d\udca1 \u00c9changes sur vos projets &amp; id\u00e9es<br \/>\n\ud83c\udfa8 Ateliers collaboratifs pour apprendre et cr\u00e9er ensemble<br \/>\n\u2615 Un go\u00fbter healthy pour d\u00e9couvrir notre univers<\/p>\n<p>Ce rendez-vous est con\u00e7u pour favoriser l&rsquo;entraide, l&rsquo;inspiration et la cr\u00e9ation d&rsquo;une communaut\u00e9 solide autour de l&rsquo;entrepreneuriat f\u00e9minin. Venez avec vos id\u00e9es, partagez avec une dose de motivation et des connexions enrichissantes. \u2728<\/p>\n<p>Parce qu&rsquo;ensemble, on va plus loin! \ud83d\udcbc\ud83d\udc96<\/p>\n","protected":false},"featured_media":195,"template":"","meta":[],"product_cat":[22],"product_tag":[],"class_list":{"0":"post-185","1":"product","2":"type-product","3":"status-publish","4":"has-post-thumbnail","6":"product_cat-events","8":"first","9":"instock","10":"virtual","11":"product-type-simple"},"jetpack_sharing_enabled":true,"_links":{"self":[{"href":"https:\/\/soulsistersera.com\/index.php?rest_route=\/wp\/v2\/product\/185","targetHints":{"allow":["GET"]}}],"collection":[{"href":"https:\/\/soulsistersera.com\/index.php?rest_route=\/wp\/v2\/product"}],"about":[{"href":"https:\/\/soulsistersera.com\/index.php?rest_route=\/wp\/v2\/types\/product"}],"wp:featuredmedia":[{"embeddable":true,"href":"https:\/\/soulsistersera.com\/index.php?rest_route=\/wp\/v2\/media\/195"}],"wp:attachment":[{"href":"https:\/\/soulsistersera.com\/index.php?rest_route=%2Fwp%2Fv2%2Fmedia&parent=185"}],"wp:term":[{"taxonomy":"product_cat","embeddable":true,"href":"https:\/\/soulsistersera.com\/index.php?rest_route=%2Fwp%2Fv2%2Fproduct_cat&post=185"},{"taxonomy":"product_tag","embeddable":true,"href":"https:\/\/soulsistersera.com\/index.php?rest_route=%2Fwp%2Fv2%2Fproduct_tag&post=185"}],"curies":[{"name":"wp","href":"https:\/\/api.w.org\/{rel}","templated":true}]}}