{"id":189,"date":"2025-01-05T17:17:57","date_gmt":"2025-01-05T17:17:57","guid":{"rendered":"https:\/\/soulsistersera.com\/?post_type=product&#038;p=189"},"modified":"2025-01-06T14:30:36","modified_gmt":"2025-01-06T14:30:36","slug":"skin-party","status":"publish","type":"product","link":"https:\/\/soulsistersera.com\/?product=skin-party","title":{"rendered":"Skin Party"},"content":{"rendered":"","protected":false},"excerpt":{"rendered":"<p>Envie d&rsquo;un moment entre filles pour prendre soin de toi et de ta peau ? La <strong>Skin Party<\/strong> , c&rsquo;est l&rsquo;occasion parfaite de chiller, papoter et d\u00e9couvrir des astuces beaut\u00e9 naturelles qui font vraiment la diff\u00e9rence.<\/p>\n<p><strong>Au programme : <\/strong><br \/>\n\ud83c\udf3f Des produits naturels pour chouchouter ta peau<br \/>\n\ud83d\udca7 Le collag\u00e8ne ton nouveau meilleur alli\u00e9 glow<br \/>\n\ud83e\udd32 Techniques de massage drainant pour un visage frais et d\u00e9fatigu\u00e9<br \/>\n\ud83d\udcac Des moments de partage et de fun entre filles<\/p>\n<p>On te promet une ambiance relax et conviviale, des astuces beaut\u00e9 \u00e0 int\u00e9grer directement dans ta routine, et surtout un moment rien que pour toi (et ta peau) ! \ud83c\udf38<\/p>\n<p><strong>Viens comme tu es<\/strong>\ud83d\udc95<\/p>\n","protected":false},"featured_media":198,"template":"","meta":[],"product_cat":[22],"product_tag":[],"class_list":{"0":"post-189","1":"product","2":"type-product","3":"status-publish","4":"has-post-thumbnail","6":"product_cat-events","8":"first","9":"instock","10":"virtual","11":"product-type-simple"},"jetpack_sharing_enabled":true,"_links":{"self":[{"href":"https:\/\/soulsistersera.com\/index.php?rest_route=\/wp\/v2\/product\/189","targetHints":{"allow":["GET"]}}],"collection":[{"href":"https:\/\/soulsistersera.com\/index.php?rest_route=\/wp\/v2\/product"}],"about":[{"href":"https:\/\/soulsistersera.com\/index.php?rest_route=\/wp\/v2\/types\/product"}],"wp:featuredmedia":[{"embeddable":true,"href":"https:\/\/soulsistersera.com\/index.php?rest_route=\/wp\/v2\/media\/198"}],"wp:attachment":[{"href":"https:\/\/soulsistersera.com\/index.php?rest_route=%2Fwp%2Fv2%2Fmedia&parent=189"}],"wp:term":[{"taxonomy":"product_cat","embeddable":true,"href":"https:\/\/soulsistersera.com\/index.php?rest_route=%2Fwp%2Fv2%2Fproduct_cat&post=189"},{"taxonomy":"product_tag","embeddable":true,"href":"https:\/\/soulsistersera.com\/index.php?rest_route=%2Fwp%2Fv2%2Fproduct_tag&post=189"}],"curies":[{"name":"wp","href":"https:\/\/api.w.org\/{rel}","templated":true}]}}